{"id":3276,"date":"2023-02-10T01:34:46","date_gmt":"2023-02-10T01:34:46","guid":{"rendered":"https:\/\/influencialab16.com\/dic22\/?page_id=3276"},"modified":"2024-03-07T23:46:48","modified_gmt":"2024-03-07T23:46:48","slug":"campana-motivos-peruanos-daewoo","status":"publish","type":"page","link":"https:\/\/influencialab16.com\/index.php\/campana-motivos-peruanos-daewoo\/","title":{"rendered":"Campa\u00f1a \u201cMotivos Peruanos\u201d \u2013 Daewoo"},"content":{"rendered":"\t\t<div data-elementor-type=\"wp-page\" data-elementor-id=\"3276\" class=\"elementor elementor-3276\" data-elementor-post-type=\"page\">\n\t\t\t\t\t\t<section class=\"elementor-section elementor-top-section elementor-element elementor-element-2f0c8980 elementor-section-boxed elementor-section-height-default elementor-section-height-default\" data-id=\"2f0c8980\" data-element_type=\"section\" data-settings=\"{&quot;background_background&quot;:&quot;classic&quot;,&quot;ekit_has_onepagescroll_dot&quot;:&quot;yes&quot;}\">\n\t\t\t\t\t\t\t<div class=\"elementor-background-overlay\"><\/div>\n\t\t\t\t\t\t\t<div class=\"elementor-container elementor-column-gap-default\">\n\t\t\t\t\t<div class=\"elementor-column elementor-col-100 elementor-top-column elementor-element elementor-element-66603af6\" data-id=\"66603af6\" data-element_type=\"column\">\n\t\t\t<div class=\"elementor-widget-wrap elementor-element-populated\">\n\t\t\t\t\t\t<div class=\"elementor-element elementor-element-1f035f1e elementor-widget elementor-widget-heading\" data-id=\"1f035f1e\" data-element_type=\"widget\" data-settings=\"{&quot;ekit_we_effect_on&quot;:&quot;none&quot;}\" data-widget_type=\"heading.default\">\n\t\t\t\t<div class=\"elementor-widget-container\">\n\t\t\t<style>\/*! elementor - v3.23.0 - 05-08-2024 *\/\n.elementor-heading-title{padding:0;margin:0;line-height:1}.elementor-widget-heading .elementor-heading-title[class*=elementor-size-]>a{color:inherit;font-size:inherit;line-height:inherit}.elementor-widget-heading .elementor-heading-title.elementor-size-small{font-size:15px}.elementor-widget-heading .elementor-heading-title.elementor-size-medium{font-size:19px}.elementor-widget-heading .elementor-heading-title.elementor-size-large{font-size:29px}.elementor-widget-heading .elementor-heading-title.elementor-size-xl{font-size:39px}.elementor-widget-heading .elementor-heading-title.elementor-size-xxl{font-size:59px}<\/style><h1 class=\"elementor-heading-title elementor-size-default\">Reputaci\u00f3n Multi-Plataforma: PR 360\u00b0, SEO & Marketing de contenidos<\/h1>\t\t<\/div>\n\t\t\t\t<\/div>\n\t\t\t\t<div class=\"elementor-element elementor-element-39c973b7 elementor-widget elementor-widget-text-editor\" data-id=\"39c973b7\" data-element_type=\"widget\" data-settings=\"{&quot;ekit_we_effect_on&quot;:&quot;none&quot;}\" data-widget_type=\"text-editor.default\">\n\t\t\t\t<div class=\"elementor-widget-container\">\n\t\t\t<style>\/*! elementor - v3.23.0 - 05-08-2024 *\/\n.elementor-widget-text-editor.elementor-drop-cap-view-stacked .elementor-drop-cap{background-color:#69727d;color:#fff}.elementor-widget-text-editor.elementor-drop-cap-view-framed .elementor-drop-cap{color:#69727d;border:3px solid;background-color:transparent}.elementor-widget-text-editor:not(.elementor-drop-cap-view-default) .elementor-drop-cap{margin-top:8px}.elementor-widget-text-editor:not(.elementor-drop-cap-view-default) .elementor-drop-cap-letter{width:1em;height:1em}.elementor-widget-text-editor .elementor-drop-cap{float:left;text-align:center;line-height:1;font-size:50px}.elementor-widget-text-editor .elementor-drop-cap-letter{display:inline-block}<\/style>\t\t\t\t<p><strong>Campa\u00f1a \u201cMotivos Peruanos\u201d \u2013 Daewoo<\/strong><\/p>\t\t\t\t\t\t<\/div>\n\t\t\t\t<\/div>\n\t\t\t\t\t<\/div>\n\t\t<\/div>\n\t\t\t\t\t<\/div>\n\t\t<\/section>\n\t\t\t\t<section class=\"elementor-section elementor-top-section elementor-element elementor-element-366f0334 elementor-section-boxed elementor-section-height-default elementor-section-height-default\" data-id=\"366f0334\" data-element_type=\"section\" data-settings=\"{&quot;ekit_has_onepagescroll_dot&quot;:&quot;yes&quot;}\">\n\t\t\t\t\t\t<div class=\"elementor-container elementor-column-gap-default\">\n\t\t\t\t\t<div class=\"elementor-column elementor-col-50 elementor-top-column elementor-element elementor-element-424f0613\" data-id=\"424f0613\" data-element_type=\"column\">\n\t\t\t<div class=\"elementor-widget-wrap elementor-element-populated\">\n\t\t\t\t\t\t<div class=\"elementor-element elementor-element-3eb30b74 elementor-widget elementor-widget-image\" data-id=\"3eb30b74\" data-element_type=\"widget\" data-settings=\"{&quot;ekit_we_effect_on&quot;:&quot;none&quot;}\" data-widget_type=\"image.default\">\n\t\t\t\t<div class=\"elementor-widget-container\">\n\t\t\t<style>\/*! elementor - v3.23.0 - 05-08-2024 *\/\n.elementor-widget-image{text-align:center}.elementor-widget-image a{display:inline-block}.elementor-widget-image a img[src$=\".svg\"]{width:48px}.elementor-widget-image img{vertical-align:middle;display:inline-block}<\/style>\t\t\t\t\t\t\t\t\t\t<img fetchpriority=\"high\" decoding=\"async\" width=\"769\" height=\"720\" src=\"https:\/\/influencialab16.com\/wp-content\/uploads\/2023\/02\/ELCOMERCIO-MOTIVOS-PERUANOS.jpg\" class=\"attachment-large size-large wp-image-3282\" alt=\"\" srcset=\"https:\/\/influencialab16.com\/wp-content\/uploads\/2023\/02\/ELCOMERCIO-MOTIVOS-PERUANOS.jpg 769w, https:\/\/influencialab16.com\/wp-content\/uploads\/2023\/02\/ELCOMERCIO-MOTIVOS-PERUANOS-300x281.jpg 300w\" sizes=\"(max-width: 769px) 100vw, 769px\" \/>\t\t\t\t\t\t\t\t\t\t\t\t\t<\/div>\n\t\t\t\t<\/div>\n\t\t\t\t<div class=\"elementor-element elementor-element-e577241 elementor-widget elementor-widget-text-editor\" data-id=\"e577241\" data-element_type=\"widget\" data-settings=\"{&quot;ekit_we_effect_on&quot;:&quot;none&quot;}\" data-widget_type=\"text-editor.default\">\n\t\t\t\t<div class=\"elementor-widget-container\">\n\t\t\t\t\t\t\t<p><strong>El Comercio: Menci\u00f3n de \u201cMotivos Peruanos de Daewoo\u201d como campa\u00f1a innovadora de crownsourcing seg\u00fan especialistas del sector consultados en un art\u00edculo de El Comercio<\/strong><\/p>\t\t\t\t\t\t<\/div>\n\t\t\t\t<\/div>\n\t\t\t\t<section class=\"elementor-section elementor-inner-section elementor-element elementor-element-24c29bbb elementor-section-boxed elementor-section-height-default elementor-section-height-default\" data-id=\"24c29bbb\" data-element_type=\"section\" data-settings=\"{&quot;ekit_has_onepagescroll_dot&quot;:&quot;yes&quot;}\">\n\t\t\t\t\t\t<div class=\"elementor-container elementor-column-gap-default\">\n\t\t\t\t\t<div class=\"elementor-column elementor-col-50 elementor-inner-column elementor-element elementor-element-32259fd1\" data-id=\"32259fd1\" data-element_type=\"column\">\n\t\t\t<div class=\"elementor-widget-wrap elementor-element-populated\">\n\t\t\t\t\t\t<div class=\"elementor-element elementor-element-6bb784ee elementor-widget elementor-widget-image\" data-id=\"6bb784ee\" data-element_type=\"widget\" data-settings=\"{&quot;ekit_we_effect_on&quot;:&quot;none&quot;}\" data-widget_type=\"image.default\">\n\t\t\t\t<div class=\"elementor-widget-container\">\n\t\t\t\t\t\t\t\t\t\t\t\t\t\t<a href=\"https:\/\/www.publimetro.pe\/actualidad\/2013\/06\/19\/lanzan-concurso-disenos-motivos-peruanos-14546-noticia\/\" target=\"_blank\">\n\t\t\t\t\t\t\t<img decoding=\"async\" width=\"202\" height=\"142\" src=\"https:\/\/influencialab16.com\/wp-content\/uploads\/2023\/02\/publimetro.png\" class=\"attachment-large size-large wp-image-3284\" alt=\"\" \/>\t\t\t\t\t\t\t\t<\/a>\n\t\t\t\t\t\t\t\t\t\t\t\t\t<\/div>\n\t\t\t\t<\/div>\n\t\t\t\t<div class=\"elementor-element elementor-element-62fc0717 elementor-widget elementor-widget-text-editor\" data-id=\"62fc0717\" data-element_type=\"widget\" data-settings=\"{&quot;ekit_we_effect_on&quot;:&quot;none&quot;}\" data-widget_type=\"text-editor.default\">\n\t\t\t\t<div class=\"elementor-widget-container\">\n\t\t\t\t\t\t\t<strong>Publimetro: Impacto de la campa\u00f1a \u201cMotivos Peruanos\u201d de Daewoo en Publimetro<\/strong>\t\t\t\t\t\t<\/div>\n\t\t\t\t<\/div>\n\t\t\t\t\t<\/div>\n\t\t<\/div>\n\t\t\t\t<div class=\"elementor-column elementor-col-50 elementor-inner-column elementor-element elementor-element-5f6a5b2\" data-id=\"5f6a5b2\" data-element_type=\"column\">\n\t\t\t<div class=\"elementor-widget-wrap elementor-element-populated\">\n\t\t\t\t\t\t<div class=\"elementor-element elementor-element-778f1638 elementor-widget elementor-widget-image\" data-id=\"778f1638\" data-element_type=\"widget\" data-settings=\"{&quot;ekit_we_effect_on&quot;:&quot;none&quot;}\" data-widget_type=\"image.default\">\n\t\t\t\t<div class=\"elementor-widget-container\">\n\t\t\t\t\t\t\t\t\t\t\t\t\t\t<a href=\"https:\/\/andina.pe\/agencia\/noticia-lanzan-concurso-disenos-emulen-expresiones-culturales-peruanas-464106.aspx\" target=\"_blank\">\n\t\t\t\t\t\t\t<img decoding=\"async\" width=\"202\" height=\"142\" src=\"https:\/\/influencialab16.com\/wp-content\/uploads\/2023\/02\/Andina.jpg\" class=\"attachment-large size-large wp-image-3285\" alt=\"\" \/>\t\t\t\t\t\t\t\t<\/a>\n\t\t\t\t\t\t\t\t\t\t\t\t\t<\/div>\n\t\t\t\t<\/div>\n\t\t\t\t<div class=\"elementor-element elementor-element-613d0c3a elementor-widget elementor-widget-text-editor\" data-id=\"613d0c3a\" data-element_type=\"widget\" data-settings=\"{&quot;ekit_we_effect_on&quot;:&quot;none&quot;}\" data-widget_type=\"text-editor.default\">\n\t\t\t\t<div class=\"elementor-widget-container\">\n\t\t\t\t\t\t\t<p><strong>Andina: Impacto de la campa\u00f1a \u201cMotivos Peruanos\u201d de Daewoo en \u201cAndina\u201d, uno de los principales medios locales peruanos<\/strong><\/p>\t\t\t\t\t\t<\/div>\n\t\t\t\t<\/div>\n\t\t\t\t\t<\/div>\n\t\t<\/div>\n\t\t\t\t\t<\/div>\n\t\t<\/section>\n\t\t\t\t\t<\/div>\n\t\t<\/div>\n\t\t\t\t<div class=\"elementor-column elementor-col-50 elementor-top-column elementor-element elementor-element-4dc4899b\" data-id=\"4dc4899b\" data-element_type=\"column\">\n\t\t\t<div class=\"elementor-widget-wrap elementor-element-populated\">\n\t\t\t\t\t\t<div class=\"elementor-element elementor-element-703e592f elementor-widget elementor-widget-text-editor\" data-id=\"703e592f\" data-element_type=\"widget\" data-settings=\"{&quot;ekit_we_effect_on&quot;:&quot;none&quot;}\" data-widget_type=\"text-editor.default\">\n\t\t\t\t<div class=\"elementor-widget-container\">\n\t\t\t\t\t\t\t<p>Anunciamos el lanzamiento de la campa\u00f1a \u201cMotivos Peruanos\u201d de la marca Daewoo para convocar a dise\u00f1adores amateurs y profesionales a postular sus dise\u00f1os inspirados en la cultura peruana.<\/p><p>El objetivo era incrementar la exposici\u00f3n de marca en medios relevantes, conseguir menciones y backlinks a favor de la campa\u00f1a y la marca en plataformas digitales de amplio alcance.<\/p><p>Adem\u00e1s de conseguir leads de usuarios interesados en participar en el concurso y participaci\u00f3n masiva de concursantes en la campa\u00f1a a nivel nacional.<\/p><p>Para lograrlo, en Influence Lab \u201916 impulsamos una estrategia de Reputaci\u00f3n Multiplataforma &amp; Posicionamiento SEO, concretando masiva exposici\u00f3n en medios, backlinks, menciones de marca y leads a favor de la campa\u00f1a.<\/p><p>Los mejores se incluyeron dentro de la colecci\u00f3n de electrodom\u00e9sticos \u201cPeruvian Premium Collection\u201d de esta firma.<\/p>\t\t\t\t\t\t<\/div>\n\t\t\t\t<\/div>\n\t\t\t\t<div class=\"elementor-element elementor-element-77aeb92 elementor-widget elementor-widget-text-editor\" data-id=\"77aeb92\" data-element_type=\"widget\" data-settings=\"{&quot;ekit_we_effect_on&quot;:&quot;none&quot;}\" data-widget_type=\"text-editor.default\">\n\t\t\t\t<div class=\"elementor-widget-container\">\n\t\t\t\t\t\t\t<p><strong>Resultados de la campa\u00f1a<\/strong><\/p>\t\t\t\t\t\t<\/div>\n\t\t\t\t<\/div>\n\t\t\t\t<div class=\"elementor-element elementor-element-dd99fb1 elementor-widget elementor-widget-text-editor\" data-id=\"dd99fb1\" data-element_type=\"widget\" data-settings=\"{&quot;ekit_we_effect_on&quot;:&quot;none&quot;}\" data-widget_type=\"text-editor.default\">\n\t\t\t\t<div class=\"elementor-widget-container\">\n\t\t\t\t\t\t\t<p>La campa\u00f1a a favor de Daewoo se centr\u00f3 en una estrategia que aline\u00f3 acciones de PR Digital &amp; Offline, marketing de contenidos y t\u00e1cticas de posicionamiento web.<\/p>\t\t\t\t\t\t<\/div>\n\t\t\t\t<\/div>\n\t\t\t\t<div class=\"elementor-element elementor-element-ac2825d elementor-widget elementor-widget-text-editor\" data-id=\"ac2825d\" data-element_type=\"widget\" data-settings=\"{&quot;ekit_we_effect_on&quot;:&quot;none&quot;}\" data-widget_type=\"text-editor.default\">\n\t\t\t\t<div class=\"elementor-widget-container\">\n\t\t\t\t\t\t\t<p><strong>Conseguimos los siguientes logros:<\/strong><\/p>\t\t\t\t\t\t<\/div>\n\t\t\t\t<\/div>\n\t\t\t\t<div class=\"elementor-element elementor-element-c39408b elementor-widget elementor-widget-text-editor\" data-id=\"c39408b\" data-element_type=\"widget\" data-settings=\"{&quot;ekit_we_effect_on&quot;:&quot;none&quot;}\" data-widget_type=\"text-editor.default\">\n\t\t\t\t<div class=\"elementor-widget-container\">\n\t\t\t\t\t\t\t<ul><li>Despertamos el inter\u00e9s de los medios de prensa en esta iniciativa. Generamos decenas de art\u00edculos publicados en medios impresos, televisivos y digitales.<\/li><li>La campa\u00f1a fue citada como caso de \u00e9xito de crownsourcing por especialistas de marketing y en medios de comunicaci\u00f3n.<\/li><li>Gracias a una campa\u00f1a de contenidos y construcci\u00f3n de enlaces externos, alcanzamos convocatoria exitosa en las plataformas digitales de la marca. Se consigui\u00f3 m\u00e1s de medio millar de leads y dise\u00f1os para el concurso. Tambi\u00e9n, incrementamos la comunidad de la marca y el nivel de interacci\u00f3n.<\/li><li>Aplicamos una estrategia de reputaci\u00f3n multiplataforma y posicionamiento SEO. Ubicamos a la marca Daewoo en la primera p\u00e1gina del motor de b\u00fasqueda Google.<\/li><\/ul>\t\t\t\t\t\t<\/div>\n\t\t\t\t<\/div>\n\t\t\t\t\t<\/div>\n\t\t<\/div>\n\t\t\t\t\t<\/div>\n\t\t<\/section>\n\t\t\t\t<\/div>\n\t\t","protected":false},"excerpt":{"rendered":"<p>Reputaci\u00f3n Multi-Plataforma: PR 360\u00b0, SEO &amp; Marketing de contenidos Campa\u00f1a \u201cMotivos Peruanos\u201d \u2013 Daewoo El Comercio: Menci\u00f3n de \u201cMotivos Peruanos de Daewoo\u201d como campa\u00f1a innovadora de crownsourcing seg\u00fan especialistas del sector consultados en un art\u00edculo de El Comercio Publimetro: Impacto de la campa\u00f1a \u201cMotivos Peruanos\u201d de Daewoo en Publimetro Andina: Impacto de la campa\u00f1a \u201cMotivos&#8230;<\/p>\n","protected":false},"author":1,"featured_media":0,"parent":0,"menu_order":0,"comment_status":"closed","ping_status":"closed","template":"","meta":{"_kadence_starter_templates_imported_post":false,"_kad_post_transparent":"","_kad_post_title":"hide","_kad_post_layout":"fullwidth","_kad_post_sidebar_id":"","_kad_post_content_style":"unboxed","_kad_post_vertical_padding":"hide","_kad_post_feature":"hide","_kad_post_feature_position":"","_kad_post_header":false,"_kad_post_footer":false},"yoast_head":"<!-- This site is optimized with the Yoast SEO plugin v20.12 - https:\/\/yoast.com\/wordpress\/plugins\/seo\/ -->\n<title>Campa\u00f1a \u201cMotivos Peruanos\u201d \u2013 Daewoo - Influence Lab<\/title>\n<meta name=\"robots\" content=\"index, follow, max-snippet:-1, max-image-preview:large, max-video-preview:-1\" \/>\n<link rel=\"canonical\" href=\"https:\/\/influencialab16.com\/index.php\/campana-motivos-peruanos-daewoo\/\" \/>\n<meta property=\"og:locale\" content=\"es_ES\" \/>\n<meta property=\"og:type\" content=\"article\" \/>\n<meta property=\"og:title\" content=\"Campa\u00f1a \u201cMotivos Peruanos\u201d \u2013 Daewoo - Influence Lab\" \/>\n<meta property=\"og:description\" content=\"Reputaci\u00f3n Multi-Plataforma: PR 360\u00b0, SEO &amp; Marketing de contenidos Campa\u00f1a \u201cMotivos Peruanos\u201d \u2013 Daewoo El Comercio: Menci\u00f3n de \u201cMotivos Peruanos de Daewoo\u201d como campa\u00f1a innovadora de crownsourcing seg\u00fan especialistas del sector consultados en un art\u00edculo de El Comercio Publimetro: Impacto de la campa\u00f1a \u201cMotivos Peruanos\u201d de Daewoo en Publimetro Andina: Impacto de la campa\u00f1a \u201cMotivos...\" \/>\n<meta property=\"og:url\" content=\"https:\/\/influencialab16.com\/index.php\/campana-motivos-peruanos-daewoo\/\" \/>\n<meta property=\"og:site_name\" content=\"Influence Lab\" \/>\n<meta property=\"article:publisher\" content=\"https:\/\/www.facebook.com\/agenciaInfluencelab16\" \/>\n<meta property=\"article:modified_time\" content=\"2024-03-07T23:46:48+00:00\" \/>\n<meta property=\"og:image\" content=\"https:\/\/influencialab16.com\/dic22\/wp-content\/uploads\/2023\/02\/ELCOMERCIO-MOTIVOS-PERUANOS.jpg\" \/>\n<meta name=\"twitter:card\" content=\"summary_large_image\" \/>\n<meta name=\"twitter:label1\" content=\"Est. reading time\" \/>\n\t<meta name=\"twitter:data1\" content=\"3 minutos\" \/>\n<script type=\"application\/ld+json\" class=\"yoast-schema-graph\">{\"@context\":\"https:\/\/schema.org\",\"@graph\":[{\"@type\":\"WebPage\",\"@id\":\"https:\/\/influencialab16.com\/index.php\/campana-motivos-peruanos-daewoo\/\",\"url\":\"https:\/\/influencialab16.com\/index.php\/campana-motivos-peruanos-daewoo\/\",\"name\":\"Campa\u00f1a \u201cMotivos Peruanos\u201d \u2013 Daewoo - Influence Lab\",\"isPartOf\":{\"@id\":\"https:\/\/influencialab16.com\/#website\"},\"datePublished\":\"2023-02-10T01:34:46+00:00\",\"dateModified\":\"2024-03-07T23:46:48+00:00\",\"breadcrumb\":{\"@id\":\"https:\/\/influencialab16.com\/index.php\/campana-motivos-peruanos-daewoo\/#breadcrumb\"},\"inLanguage\":\"es\",\"potentialAction\":[{\"@type\":\"ReadAction\",\"target\":[\"https:\/\/influencialab16.com\/index.php\/campana-motivos-peruanos-daewoo\/\"]}]},{\"@type\":\"BreadcrumbList\",\"@id\":\"https:\/\/influencialab16.com\/index.php\/campana-motivos-peruanos-daewoo\/#breadcrumb\",\"itemListElement\":[{\"@type\":\"ListItem\",\"position\":1,\"name\":\"Portada\",\"item\":\"https:\/\/influencialab16.com\/\"},{\"@type\":\"ListItem\",\"position\":2,\"name\":\"Campa\u00f1a \u201cMotivos Peruanos\u201d \u2013 Daewoo\"}]},{\"@type\":\"WebSite\",\"@id\":\"https:\/\/influencialab16.com\/#website\",\"url\":\"https:\/\/influencialab16.com\/\",\"name\":\"Influence Lab\",\"description\":\"\",\"publisher\":{\"@id\":\"https:\/\/influencialab16.com\/#organization\"},\"potentialAction\":[{\"@type\":\"SearchAction\",\"target\":{\"@type\":\"EntryPoint\",\"urlTemplate\":\"https:\/\/influencialab16.com\/?s={search_term_string}\"},\"query-input\":\"required name=search_term_string\"}],\"inLanguage\":\"es\"},{\"@type\":\"Organization\",\"@id\":\"https:\/\/influencialab16.com\/#organization\",\"name\":\"Influence Lab\",\"url\":\"https:\/\/influencialab16.com\/\",\"logo\":{\"@type\":\"ImageObject\",\"inLanguage\":\"es\",\"@id\":\"https:\/\/influencialab16.com\/#\/schema\/logo\/image\/\",\"url\":\"https:\/\/influencialab16.com\/dic22\/wp-content\/uploads\/2023\/01\/logo_influence_lab_16_agencia_reputacion_online_barcelona_7.jpg\",\"contentUrl\":\"https:\/\/influencialab16.com\/dic22\/wp-content\/uploads\/2023\/01\/logo_influence_lab_16_agencia_reputacion_online_barcelona_7.jpg\",\"width\":1080,\"height\":1080,\"caption\":\"Influence Lab\"},\"image\":{\"@id\":\"https:\/\/influencialab16.com\/#\/schema\/logo\/image\/\"},\"sameAs\":[\"https:\/\/www.facebook.com\/agenciaInfluencelab16\",\"https:\/\/www.linkedin.com\/company\/74055594\/admin\/\"]}]}<\/script>\n<!-- \/ Yoast SEO plugin. -->","yoast_head_json":{"title":"Campa\u00f1a \u201cMotivos Peruanos\u201d \u2013 Daewoo - Influence Lab","robots":{"index":"index","follow":"follow","max-snippet":"max-snippet:-1","max-image-preview":"max-image-preview:large","max-video-preview":"max-video-preview:-1"},"canonical":"https:\/\/influencialab16.com\/index.php\/campana-motivos-peruanos-daewoo\/","og_locale":"es_ES","og_type":"article","og_title":"Campa\u00f1a \u201cMotivos Peruanos\u201d \u2013 Daewoo - Influence Lab","og_description":"Reputaci\u00f3n Multi-Plataforma: PR 360\u00b0, SEO &amp; Marketing de contenidos Campa\u00f1a \u201cMotivos Peruanos\u201d \u2013 Daewoo El Comercio: Menci\u00f3n de \u201cMotivos Peruanos de Daewoo\u201d como campa\u00f1a innovadora de crownsourcing seg\u00fan especialistas del sector consultados en un art\u00edculo de El Comercio Publimetro: Impacto de la campa\u00f1a \u201cMotivos Peruanos\u201d de Daewoo en Publimetro Andina: Impacto de la campa\u00f1a \u201cMotivos...","og_url":"https:\/\/influencialab16.com\/index.php\/campana-motivos-peruanos-daewoo\/","og_site_name":"Influence Lab","article_publisher":"https:\/\/www.facebook.com\/agenciaInfluencelab16","article_modified_time":"2024-03-07T23:46:48+00:00","og_image":[{"url":"https:\/\/influencialab16.com\/dic22\/wp-content\/uploads\/2023\/02\/ELCOMERCIO-MOTIVOS-PERUANOS.jpg"}],"twitter_card":"summary_large_image","twitter_misc":{"Est. reading time":"3 minutos"},"schema":{"@context":"https:\/\/schema.org","@graph":[{"@type":"WebPage","@id":"https:\/\/influencialab16.com\/index.php\/campana-motivos-peruanos-daewoo\/","url":"https:\/\/influencialab16.com\/index.php\/campana-motivos-peruanos-daewoo\/","name":"Campa\u00f1a \u201cMotivos Peruanos\u201d \u2013 Daewoo - Influence Lab","isPartOf":{"@id":"https:\/\/influencialab16.com\/#website"},"datePublished":"2023-02-10T01:34:46+00:00","dateModified":"2024-03-07T23:46:48+00:00","breadcrumb":{"@id":"https:\/\/influencialab16.com\/index.php\/campana-motivos-peruanos-daewoo\/#breadcrumb"},"inLanguage":"es","potentialAction":[{"@type":"ReadAction","target":["https:\/\/influencialab16.com\/index.php\/campana-motivos-peruanos-daewoo\/"]}]},{"@type":"BreadcrumbList","@id":"https:\/\/influencialab16.com\/index.php\/campana-motivos-peruanos-daewoo\/#breadcrumb","itemListElement":[{"@type":"ListItem","position":1,"name":"Portada","item":"https:\/\/influencialab16.com\/"},{"@type":"ListItem","position":2,"name":"Campa\u00f1a \u201cMotivos Peruanos\u201d \u2013 Daewoo"}]},{"@type":"WebSite","@id":"https:\/\/influencialab16.com\/#website","url":"https:\/\/influencialab16.com\/","name":"Influence Lab","description":"","publisher":{"@id":"https:\/\/influencialab16.com\/#organization"},"potentialAction":[{"@type":"SearchAction","target":{"@type":"EntryPoint","urlTemplate":"https:\/\/influencialab16.com\/?s={search_term_string}"},"query-input":"required name=search_term_string"}],"inLanguage":"es"},{"@type":"Organization","@id":"https:\/\/influencialab16.com\/#organization","name":"Influence Lab","url":"https:\/\/influencialab16.com\/","logo":{"@type":"ImageObject","inLanguage":"es","@id":"https:\/\/influencialab16.com\/#\/schema\/logo\/image\/","url":"https:\/\/influencialab16.com\/dic22\/wp-content\/uploads\/2023\/01\/logo_influence_lab_16_agencia_reputacion_online_barcelona_7.jpg","contentUrl":"https:\/\/influencialab16.com\/dic22\/wp-content\/uploads\/2023\/01\/logo_influence_lab_16_agencia_reputacion_online_barcelona_7.jpg","width":1080,"height":1080,"caption":"Influence Lab"},"image":{"@id":"https:\/\/influencialab16.com\/#\/schema\/logo\/image\/"},"sameAs":["https:\/\/www.facebook.com\/agenciaInfluencelab16","https:\/\/www.linkedin.com\/company\/74055594\/admin\/"]}]}},"_links":{"self":[{"href":"https:\/\/influencialab16.com\/index.php\/wp-json\/wp\/v2\/pages\/3276"}],"collection":[{"href":"https:\/\/influencialab16.com\/index.php\/wp-json\/wp\/v2\/pages"}],"about":[{"href":"https:\/\/influencialab16.com\/index.php\/wp-json\/wp\/v2\/types\/page"}],"author":[{"embeddable":true,"href":"https:\/\/influencialab16.com\/index.php\/wp-json\/wp\/v2\/users\/1"}],"replies":[{"embeddable":true,"href":"https:\/\/influencialab16.com\/index.php\/wp-json\/wp\/v2\/comments?post=3276"}],"version-history":[{"count":15,"href":"https:\/\/influencialab16.com\/index.php\/wp-json\/wp\/v2\/pages\/3276\/revisions"}],"predecessor-version":[{"id":4067,"href":"https:\/\/influencialab16.com\/index.php\/wp-json\/wp\/v2\/pages\/3276\/revisions\/4067"}],"wp:attachment":[{"href":"https:\/\/influencialab16.com\/index.php\/wp-json\/wp\/v2\/media?parent=3276"}],"curies":[{"name":"wp","href":"https:\/\/api.w.org\/{rel}","templated":true}]}}