{"id":3237,"date":"2023-02-09T22:16:41","date_gmt":"2023-02-09T22:16:41","guid":{"rendered":"https:\/\/influencialab16.com\/dic22\/?page_id=3237"},"modified":"2024-03-07T23:51:10","modified_gmt":"2024-03-07T23:51:10","slug":"estrategia-de-liderazgo-de-pensamiento-pov","status":"publish","type":"page","link":"https:\/\/influencialab16.com\/index.php\/estrategia-de-liderazgo-de-pensamiento-pov\/","title":{"rendered":"Estrategia de Liderazgo de pensamiento PoV"},"content":{"rendered":"\t\t<div data-elementor-type=\"wp-page\" data-elementor-id=\"3237\" class=\"elementor elementor-3237\" data-elementor-post-type=\"page\">\n\t\t\t\t\t\t<section class=\"elementor-section elementor-top-section elementor-element elementor-element-116be50b elementor-section-boxed elementor-section-height-default elementor-section-height-default\" data-id=\"116be50b\" data-element_type=\"section\" data-settings=\"{&quot;background_background&quot;:&quot;classic&quot;,&quot;ekit_has_onepagescroll_dot&quot;:&quot;yes&quot;}\">\n\t\t\t\t\t\t\t<div class=\"elementor-background-overlay\"><\/div>\n\t\t\t\t\t\t\t<div class=\"elementor-container elementor-column-gap-default\">\n\t\t\t\t\t<div class=\"elementor-column elementor-col-100 elementor-top-column elementor-element elementor-element-4e249048\" data-id=\"4e249048\" data-element_type=\"column\">\n\t\t\t<div class=\"elementor-widget-wrap elementor-element-populated\">\n\t\t\t\t\t\t<div class=\"elementor-element elementor-element-35fed1e8 elementor-widget elementor-widget-heading\" data-id=\"35fed1e8\" data-element_type=\"widget\" data-settings=\"{&quot;ekit_we_effect_on&quot;:&quot;none&quot;}\" data-widget_type=\"heading.default\">\n\t\t\t\t<div class=\"elementor-widget-container\">\n\t\t\t<style>\/*! elementor - v3.23.0 - 05-08-2024 *\/\n.elementor-heading-title{padding:0;margin:0;line-height:1}.elementor-widget-heading .elementor-heading-title[class*=elementor-size-]>a{color:inherit;font-size:inherit;line-height:inherit}.elementor-widget-heading .elementor-heading-title.elementor-size-small{font-size:15px}.elementor-widget-heading .elementor-heading-title.elementor-size-medium{font-size:19px}.elementor-widget-heading .elementor-heading-title.elementor-size-large{font-size:29px}.elementor-widget-heading .elementor-heading-title.elementor-size-xl{font-size:39px}.elementor-widget-heading .elementor-heading-title.elementor-size-xxl{font-size:59px}<\/style><h1 class=\"elementor-heading-title elementor-size-default\">Estrategia de Liderazgo de pensamiento PoV<\/h1>\t\t<\/div>\n\t\t\t\t<\/div>\n\t\t\t\t<div class=\"elementor-element elementor-element-180fdf47 elementor-widget elementor-widget-text-editor\" data-id=\"180fdf47\" data-element_type=\"widget\" data-settings=\"{&quot;ekit_we_effect_on&quot;:&quot;none&quot;}\" data-widget_type=\"text-editor.default\">\n\t\t\t\t<div class=\"elementor-widget-container\">\n\t\t\t<style>\/*! elementor - v3.23.0 - 05-08-2024 *\/\n.elementor-widget-text-editor.elementor-drop-cap-view-stacked .elementor-drop-cap{background-color:#69727d;color:#fff}.elementor-widget-text-editor.elementor-drop-cap-view-framed .elementor-drop-cap{color:#69727d;border:3px solid;background-color:transparent}.elementor-widget-text-editor:not(.elementor-drop-cap-view-default) .elementor-drop-cap{margin-top:8px}.elementor-widget-text-editor:not(.elementor-drop-cap-view-default) .elementor-drop-cap-letter{width:1em;height:1em}.elementor-widget-text-editor .elementor-drop-cap{float:left;text-align:center;line-height:1;font-size:50px}.elementor-widget-text-editor .elementor-drop-cap-letter{display:inline-block}<\/style>\t\t\t\t<p><strong>Kantar, Sky Airline, Omnicom, Lolimsa<\/strong><\/p>\t\t\t\t\t\t<\/div>\n\t\t\t\t<\/div>\n\t\t\t\t\t<\/div>\n\t\t<\/div>\n\t\t\t\t\t<\/div>\n\t\t<\/section>\n\t\t\t\t<section class=\"elementor-section elementor-top-section elementor-element elementor-element-1a983d08 elementor-section-boxed elementor-section-height-default elementor-section-height-default\" data-id=\"1a983d08\" data-element_type=\"section\" data-settings=\"{&quot;ekit_has_onepagescroll_dot&quot;:&quot;yes&quot;}\">\n\t\t\t\t\t\t<div class=\"elementor-container elementor-column-gap-default\">\n\t\t\t\t\t<div class=\"elementor-column elementor-col-50 elementor-top-column elementor-element elementor-element-22e8d9ed\" data-id=\"22e8d9ed\" data-element_type=\"column\">\n\t\t\t<div class=\"elementor-widget-wrap elementor-element-populated\">\n\t\t\t\t\t\t<div class=\"elementor-element elementor-element-797cfa2e elementor-widget elementor-widget-image\" data-id=\"797cfa2e\" data-element_type=\"widget\" data-settings=\"{&quot;ekit_we_effect_on&quot;:&quot;none&quot;}\" data-widget_type=\"image.default\">\n\t\t\t\t<div class=\"elementor-widget-container\">\n\t\t\t<style>\/*! elementor - v3.23.0 - 05-08-2024 *\/\n.elementor-widget-image{text-align:center}.elementor-widget-image a{display:inline-block}.elementor-widget-image a img[src$=\".svg\"]{width:48px}.elementor-widget-image img{vertical-align:middle;display:inline-block}<\/style>\t\t\t\t\t\t\t\t\t\t<img fetchpriority=\"high\" decoding=\"async\" width=\"896\" height=\"720\" src=\"https:\/\/influencialab16.com\/wp-content\/uploads\/2023\/02\/ROLANDO-LIENDO-CEO-DE-LOLIMSA-GESTION-RP.jpg\" class=\"attachment-large size-large wp-image-3244\" alt=\"\" srcset=\"https:\/\/influencialab16.com\/wp-content\/uploads\/2023\/02\/ROLANDO-LIENDO-CEO-DE-LOLIMSA-GESTION-RP.jpg 896w, https:\/\/influencialab16.com\/wp-content\/uploads\/2023\/02\/ROLANDO-LIENDO-CEO-DE-LOLIMSA-GESTION-RP-300x241.jpg 300w, https:\/\/influencialab16.com\/wp-content\/uploads\/2023\/02\/ROLANDO-LIENDO-CEO-DE-LOLIMSA-GESTION-RP-768x617.jpg 768w\" sizes=\"(max-width: 896px) 100vw, 896px\" \/>\t\t\t\t\t\t\t\t\t\t\t\t\t<\/div>\n\t\t\t\t<\/div>\n\t\t\t\t<div class=\"elementor-element elementor-element-9f1c1e2 elementor-widget elementor-widget-text-editor\" data-id=\"9f1c1e2\" data-element_type=\"widget\" data-settings=\"{&quot;ekit_we_effect_on&quot;:&quot;none&quot;}\" data-widget_type=\"text-editor.default\">\n\t\t\t\t<div class=\"elementor-widget-container\">\n\t\t\t\t\t\t\t<p><strong>Campa\u00f1a de Liderazgo PoV a favor de Rolando Liendo, CEO de Lolimsa<\/strong><\/p>\t\t\t\t\t\t<\/div>\n\t\t\t\t<\/div>\n\t\t\t\t<section class=\"elementor-section elementor-inner-section elementor-element elementor-element-5939cf10 elementor-section-boxed elementor-section-height-default elementor-section-height-default\" data-id=\"5939cf10\" data-element_type=\"section\" data-settings=\"{&quot;ekit_has_onepagescroll_dot&quot;:&quot;yes&quot;}\">\n\t\t\t\t\t\t<div class=\"elementor-container elementor-column-gap-default\">\n\t\t\t\t\t<div class=\"elementor-column elementor-col-100 elementor-inner-column elementor-element elementor-element-79e8187c\" data-id=\"79e8187c\" data-element_type=\"column\">\n\t\t\t<div class=\"elementor-widget-wrap elementor-element-populated\">\n\t\t\t\t\t\t<div class=\"elementor-element elementor-element-24d5ba30 elementor-widget elementor-widget-image\" data-id=\"24d5ba30\" data-element_type=\"widget\" data-settings=\"{&quot;ekit_we_effect_on&quot;:&quot;none&quot;}\" data-widget_type=\"image.default\">\n\t\t\t\t<div class=\"elementor-widget-container\">\n\t\t\t\t\t\t\t\t\t\t\t\t\t<img decoding=\"async\" width=\"1024\" height=\"858\" src=\"https:\/\/influencialab16.com\/wp-content\/uploads\/2023\/02\/20220421-GESTION-ENTREVISTA-OMNICOM2-1024x858.jpg\" class=\"attachment-large size-large wp-image-3242\" alt=\"\" srcset=\"https:\/\/influencialab16.com\/wp-content\/uploads\/2023\/02\/20220421-GESTION-ENTREVISTA-OMNICOM2-1024x858.jpg 1024w, https:\/\/influencialab16.com\/wp-content\/uploads\/2023\/02\/20220421-GESTION-ENTREVISTA-OMNICOM2-300x251.jpg 300w, https:\/\/influencialab16.com\/wp-content\/uploads\/2023\/02\/20220421-GESTION-ENTREVISTA-OMNICOM2-768x644.jpg 768w, https:\/\/influencialab16.com\/wp-content\/uploads\/2023\/02\/20220421-GESTION-ENTREVISTA-OMNICOM2-1536x1287.jpg 1536w, https:\/\/influencialab16.com\/wp-content\/uploads\/2023\/02\/20220421-GESTION-ENTREVISTA-OMNICOM2-2048x1717.jpg 2048w\" sizes=\"(max-width: 1024px) 100vw, 1024px\" \/>\t\t\t\t\t\t\t\t\t\t\t\t\t<\/div>\n\t\t\t\t<\/div>\n\t\t\t\t<div class=\"elementor-element elementor-element-5f33c4b elementor-widget elementor-widget-text-editor\" data-id=\"5f33c4b\" data-element_type=\"widget\" data-settings=\"{&quot;ekit_we_effect_on&quot;:&quot;none&quot;}\" data-widget_type=\"text-editor.default\">\n\t\t\t\t<div class=\"elementor-widget-container\">\n\t\t\t\t\t\t\t<p><strong>Gesti\u00f3n: Campa\u00f1a de Liderazgo PoV a favor de l\u00edderes de Omnicom Media Group<\/strong><\/p>\t\t\t\t\t\t<\/div>\n\t\t\t\t<\/div>\n\t\t\t\t<div class=\"elementor-element elementor-element-358ee0fc elementor-widget elementor-widget-image\" data-id=\"358ee0fc\" data-element_type=\"widget\" data-settings=\"{&quot;ekit_we_effect_on&quot;:&quot;none&quot;}\" data-widget_type=\"image.default\">\n\t\t\t\t<div class=\"elementor-widget-container\">\n\t\t\t\t\t\t\t\t\t\t\t\t\t<img decoding=\"async\" width=\"613\" height=\"720\" src=\"https:\/\/influencialab16.com\/wp-content\/uploads\/2023\/02\/GROUPM-CEO-JOSE-MARIA-SANABRIA.jpg\" class=\"attachment-large size-large wp-image-3243\" alt=\"\" srcset=\"https:\/\/influencialab16.com\/wp-content\/uploads\/2023\/02\/GROUPM-CEO-JOSE-MARIA-SANABRIA.jpg 613w, https:\/\/influencialab16.com\/wp-content\/uploads\/2023\/02\/GROUPM-CEO-JOSE-MARIA-SANABRIA-255x300.jpg 255w\" sizes=\"(max-width: 613px) 100vw, 613px\" \/>\t\t\t\t\t\t\t\t\t\t\t\t\t<\/div>\n\t\t\t\t<\/div>\n\t\t\t\t<div class=\"elementor-element elementor-element-5788461 elementor-widget elementor-widget-text-editor\" data-id=\"5788461\" data-element_type=\"widget\" data-settings=\"{&quot;ekit_we_effect_on&quot;:&quot;none&quot;}\" data-widget_type=\"text-editor.default\">\n\t\t\t\t<div class=\"elementor-widget-container\">\n\t\t\t\t\t\t\t<p><strong>Campa\u00f1a de Liderazgo PoV a favor de Jos\u00e9 Mar\u00eda Sanabria, CEO de GroupM Latam<\/strong><\/p>\t\t\t\t\t\t<\/div>\n\t\t\t\t<\/div>\n\t\t\t\t\t<\/div>\n\t\t<\/div>\n\t\t\t\t\t<\/div>\n\t\t<\/section>\n\t\t\t\t<section class=\"elementor-section elementor-inner-section elementor-element elementor-element-15129da elementor-section-boxed elementor-section-height-default elementor-section-height-default\" data-id=\"15129da\" data-element_type=\"section\" data-settings=\"{&quot;ekit_has_onepagescroll_dot&quot;:&quot;yes&quot;}\">\n\t\t\t\t\t\t<div class=\"elementor-container elementor-column-gap-default\">\n\t\t\t\t\t<div class=\"elementor-column elementor-col-50 elementor-inner-column elementor-element elementor-element-e2edc06\" data-id=\"e2edc06\" data-element_type=\"column\">\n\t\t\t<div class=\"elementor-widget-wrap elementor-element-populated\">\n\t\t\t\t\t\t<div class=\"elementor-element elementor-element-397f4d9 elementor-widget elementor-widget-image\" data-id=\"397f4d9\" data-element_type=\"widget\" data-settings=\"{&quot;ekit_we_effect_on&quot;:&quot;none&quot;}\" data-widget_type=\"image.default\">\n\t\t\t\t<div class=\"elementor-widget-container\">\n\t\t\t\t\t\t\t\t\t\t\t\t\t\t<a href=\"https:\/\/elcomercio.pe\/economia\/negocios\/sky-airline-invirtio-us-5-millones-reconversion-low-cost-145233-noticia\/\" target=\"_blank\">\n\t\t\t\t\t\t\t<img loading=\"lazy\" decoding=\"async\" width=\"202\" height=\"142\" src=\"https:\/\/influencialab16.com\/wp-content\/uploads\/2023\/02\/logoComercio2.png\" class=\"attachment-large size-large wp-image-3176\" alt=\"\" \/>\t\t\t\t\t\t\t\t<\/a>\n\t\t\t\t\t\t\t\t\t\t\t\t\t<\/div>\n\t\t\t\t<\/div>\n\t\t\t\t<div class=\"elementor-element elementor-element-f76ac05 elementor-widget elementor-widget-text-editor\" data-id=\"f76ac05\" data-element_type=\"widget\" data-settings=\"{&quot;ekit_we_effect_on&quot;:&quot;none&quot;}\" data-widget_type=\"text-editor.default\">\n\t\t\t\t<div class=\"elementor-widget-container\">\n\t\t\t\t\t\t\t<p><strong>El Comercio: Campa\u00f1a de Liderazgo PoV a favor de Holger Paulmann, CEO de Sky Airline<\/strong><\/p>\t\t\t\t\t\t<\/div>\n\t\t\t\t<\/div>\n\t\t\t\t\t<\/div>\n\t\t<\/div>\n\t\t\t\t<div class=\"elementor-column elementor-col-50 elementor-inner-column elementor-element elementor-element-34dc45f\" data-id=\"34dc45f\" data-element_type=\"column\">\n\t\t\t<div class=\"elementor-widget-wrap\">\n\t\t\t\t\t\t\t<\/div>\n\t\t<\/div>\n\t\t\t\t\t<\/div>\n\t\t<\/section>\n\t\t\t\t\t<\/div>\n\t\t<\/div>\n\t\t\t\t<div class=\"elementor-column elementor-col-50 elementor-top-column elementor-element elementor-element-12d07d2e\" data-id=\"12d07d2e\" data-element_type=\"column\">\n\t\t\t<div class=\"elementor-widget-wrap elementor-element-populated\">\n\t\t\t\t\t\t<div class=\"elementor-element elementor-element-2821219a elementor-widget elementor-widget-text-editor\" data-id=\"2821219a\" data-element_type=\"widget\" data-settings=\"{&quot;ekit_we_effect_on&quot;:&quot;none&quot;}\" data-widget_type=\"text-editor.default\">\n\t\t\t\t<div class=\"elementor-widget-container\">\n\t\t\t\t\t\t\t<p>Desarrollamos campa\u00f1as centradas en el liderazgo de pensamiento o de Point of View (PoV) a favor de marcas como Kantar, Sky Airline, Omnicom, Lolimsa, entre otros.\u00a0<\/p><p>A trav\u00e9s de diversas t\u00e1cticas, situamos a l\u00edderes de estas y otras empresas como colaboradores permanentes de medios de comunicaci\u00f3n, convirti\u00e9ndoles en influenciadores de su industria en plataformas offline y online.<\/p>\t\t\t\t\t\t<\/div>\n\t\t\t\t<\/div>\n\t\t\t\t<div class=\"elementor-element elementor-element-3547b62e elementor-widget elementor-widget-text-editor\" data-id=\"3547b62e\" data-element_type=\"widget\" data-settings=\"{&quot;ekit_we_effect_on&quot;:&quot;none&quot;}\" data-widget_type=\"text-editor.default\">\n\t\t\t\t<div class=\"elementor-widget-container\">\n\t\t\t\t\t\t\t<p><strong>Campa\u00f1as de Liderazgo de Pensamiento<\/strong><\/p>\t\t\t\t\t\t<\/div>\n\t\t\t\t<\/div>\n\t\t\t\t<div class=\"elementor-element elementor-element-1dbe57b6 elementor-widget elementor-widget-text-editor\" data-id=\"1dbe57b6\" data-element_type=\"widget\" data-settings=\"{&quot;ekit_we_effect_on&quot;:&quot;none&quot;}\" data-widget_type=\"text-editor.default\">\n\t\t\t\t<div class=\"elementor-widget-container\">\n\t\t\t\t\t\t\t<p>Trabajamos con diversas marcas y sus voceros, como Sky Airline, Daewoo, Lolimsa, Kantar, Omnicom, entre otras, a fin de posicionarlos como l\u00edderes de su sector.\u00a0<\/p><p>Nos centramos en una estrategia de liderazgo de pensamiento, obteniendo los siguientes resultados:<\/p><ul><li>Creamos y posicionamos en diversas plataformas art\u00edculos de opini\u00f3n de los l\u00edderes, enfocados en campos de especialidad.<\/li><li>Voceros con desenvolvimiento exitoso ante medios de comunicaci\u00f3n y escenarios digitales.<\/li><li>Story mining ejecutivo para definir perfiles profesionales, historia de marca y un discurso propio e influyente.<\/li><\/ul><p>Desarrollamos campa\u00f1as de activos o productos propios, como documentos t\u00e9cnicos, reportes, white papers y\/o libros electr\u00f3nicos.<\/p>\t\t\t\t\t\t<\/div>\n\t\t\t\t<\/div>\n\t\t\t\t\t<\/div>\n\t\t<\/div>\n\t\t\t\t\t<\/div>\n\t\t<\/section>\n\t\t\t\t<\/div>\n\t\t","protected":false},"excerpt":{"rendered":"<p>Estrategia de Liderazgo de pensamiento PoV Kantar, Sky Airline, Omnicom, Lolimsa Campa\u00f1a de Liderazgo PoV a favor de Rolando Liendo, CEO de Lolimsa Gesti\u00f3n: Campa\u00f1a de Liderazgo PoV a favor de l\u00edderes de Omnicom Media Group Campa\u00f1a de Liderazgo PoV a favor de Jos\u00e9 Mar\u00eda Sanabria, CEO de GroupM Latam El Comercio: Campa\u00f1a de Liderazgo&#8230;<\/p>\n","protected":false},"author":1,"featured_media":0,"parent":0,"menu_order":0,"comment_status":"closed","ping_status":"closed","template":"","meta":{"_kadence_starter_templates_imported_post":false,"_kad_post_transparent":"","_kad_post_title":"hide","_kad_post_layout":"fullwidth","_kad_post_sidebar_id":"","_kad_post_content_style":"unboxed","_kad_post_vertical_padding":"hide","_kad_post_feature":"hide","_kad_post_feature_position":"","_kad_post_header":false,"_kad_post_footer":false},"yoast_head":"<!-- This site is optimized with the Yoast SEO plugin v20.12 - https:\/\/yoast.com\/wordpress\/plugins\/seo\/ -->\n<title>Estrategia de Liderazgo de pensamiento PoV - Influence Lab<\/title>\n<meta name=\"robots\" content=\"index, follow, max-snippet:-1, max-image-preview:large, max-video-preview:-1\" \/>\n<link rel=\"canonical\" href=\"https:\/\/influencialab16.com\/index.php\/estrategia-de-liderazgo-de-pensamiento-pov\/\" \/>\n<meta property=\"og:locale\" content=\"es_ES\" \/>\n<meta property=\"og:type\" content=\"article\" \/>\n<meta property=\"og:title\" content=\"Estrategia de Liderazgo de pensamiento PoV - Influence Lab\" \/>\n<meta property=\"og:description\" content=\"Estrategia de Liderazgo de pensamiento PoV Kantar, Sky Airline, Omnicom, Lolimsa Campa\u00f1a de Liderazgo PoV a favor de Rolando Liendo, CEO de Lolimsa Gesti\u00f3n: Campa\u00f1a de Liderazgo PoV a favor de l\u00edderes de Omnicom Media Group Campa\u00f1a de Liderazgo PoV a favor de Jos\u00e9 Mar\u00eda Sanabria, CEO de GroupM Latam El Comercio: Campa\u00f1a de Liderazgo...\" \/>\n<meta property=\"og:url\" content=\"https:\/\/influencialab16.com\/index.php\/estrategia-de-liderazgo-de-pensamiento-pov\/\" \/>\n<meta property=\"og:site_name\" content=\"Influence Lab\" \/>\n<meta property=\"article:publisher\" content=\"https:\/\/www.facebook.com\/agenciaInfluencelab16\" \/>\n<meta property=\"article:modified_time\" content=\"2024-03-07T23:51:10+00:00\" \/>\n<meta property=\"og:image\" content=\"https:\/\/influencialab16.com\/dic22\/wp-content\/uploads\/2023\/02\/ROLANDO-LIENDO-CEO-DE-LOLIMSA-GESTION-RP.jpg\" \/>\n<meta name=\"twitter:card\" content=\"summary_large_image\" \/>\n<meta name=\"twitter:label1\" content=\"Est. reading time\" \/>\n\t<meta name=\"twitter:data1\" content=\"2 minutos\" \/>\n<script type=\"application\/ld+json\" class=\"yoast-schema-graph\">{\"@context\":\"https:\/\/schema.org\",\"@graph\":[{\"@type\":\"WebPage\",\"@id\":\"https:\/\/influencialab16.com\/index.php\/estrategia-de-liderazgo-de-pensamiento-pov\/\",\"url\":\"https:\/\/influencialab16.com\/index.php\/estrategia-de-liderazgo-de-pensamiento-pov\/\",\"name\":\"Estrategia de Liderazgo de pensamiento PoV - Influence Lab\",\"isPartOf\":{\"@id\":\"https:\/\/influencialab16.com\/#website\"},\"datePublished\":\"2023-02-09T22:16:41+00:00\",\"dateModified\":\"2024-03-07T23:51:10+00:00\",\"breadcrumb\":{\"@id\":\"https:\/\/influencialab16.com\/index.php\/estrategia-de-liderazgo-de-pensamiento-pov\/#breadcrumb\"},\"inLanguage\":\"es\",\"potentialAction\":[{\"@type\":\"ReadAction\",\"target\":[\"https:\/\/influencialab16.com\/index.php\/estrategia-de-liderazgo-de-pensamiento-pov\/\"]}]},{\"@type\":\"BreadcrumbList\",\"@id\":\"https:\/\/influencialab16.com\/index.php\/estrategia-de-liderazgo-de-pensamiento-pov\/#breadcrumb\",\"itemListElement\":[{\"@type\":\"ListItem\",\"position\":1,\"name\":\"Portada\",\"item\":\"https:\/\/influencialab16.com\/\"},{\"@type\":\"ListItem\",\"position\":2,\"name\":\"Estrategia de Liderazgo de pensamiento PoV\"}]},{\"@type\":\"WebSite\",\"@id\":\"https:\/\/influencialab16.com\/#website\",\"url\":\"https:\/\/influencialab16.com\/\",\"name\":\"Influence Lab\",\"description\":\"\",\"publisher\":{\"@id\":\"https:\/\/influencialab16.com\/#organization\"},\"potentialAction\":[{\"@type\":\"SearchAction\",\"target\":{\"@type\":\"EntryPoint\",\"urlTemplate\":\"https:\/\/influencialab16.com\/?s={search_term_string}\"},\"query-input\":\"required name=search_term_string\"}],\"inLanguage\":\"es\"},{\"@type\":\"Organization\",\"@id\":\"https:\/\/influencialab16.com\/#organization\",\"name\":\"Influence Lab\",\"url\":\"https:\/\/influencialab16.com\/\",\"logo\":{\"@type\":\"ImageObject\",\"inLanguage\":\"es\",\"@id\":\"https:\/\/influencialab16.com\/#\/schema\/logo\/image\/\",\"url\":\"https:\/\/influencialab16.com\/dic22\/wp-content\/uploads\/2023\/01\/logo_influence_lab_16_agencia_reputacion_online_barcelona_7.jpg\",\"contentUrl\":\"https:\/\/influencialab16.com\/dic22\/wp-content\/uploads\/2023\/01\/logo_influence_lab_16_agencia_reputacion_online_barcelona_7.jpg\",\"width\":1080,\"height\":1080,\"caption\":\"Influence Lab\"},\"image\":{\"@id\":\"https:\/\/influencialab16.com\/#\/schema\/logo\/image\/\"},\"sameAs\":[\"https:\/\/www.facebook.com\/agenciaInfluencelab16\",\"https:\/\/www.linkedin.com\/company\/74055594\/admin\/\"]}]}<\/script>\n<!-- \/ Yoast SEO plugin. -->","yoast_head_json":{"title":"Estrategia de Liderazgo de pensamiento PoV - Influence Lab","robots":{"index":"index","follow":"follow","max-snippet":"max-snippet:-1","max-image-preview":"max-image-preview:large","max-video-preview":"max-video-preview:-1"},"canonical":"https:\/\/influencialab16.com\/index.php\/estrategia-de-liderazgo-de-pensamiento-pov\/","og_locale":"es_ES","og_type":"article","og_title":"Estrategia de Liderazgo de pensamiento PoV - Influence Lab","og_description":"Estrategia de Liderazgo de pensamiento PoV Kantar, Sky Airline, Omnicom, Lolimsa Campa\u00f1a de Liderazgo PoV a favor de Rolando Liendo, CEO de Lolimsa Gesti\u00f3n: Campa\u00f1a de Liderazgo PoV a favor de l\u00edderes de Omnicom Media Group Campa\u00f1a de Liderazgo PoV a favor de Jos\u00e9 Mar\u00eda Sanabria, CEO de GroupM Latam El Comercio: Campa\u00f1a de Liderazgo...","og_url":"https:\/\/influencialab16.com\/index.php\/estrategia-de-liderazgo-de-pensamiento-pov\/","og_site_name":"Influence Lab","article_publisher":"https:\/\/www.facebook.com\/agenciaInfluencelab16","article_modified_time":"2024-03-07T23:51:10+00:00","og_image":[{"url":"https:\/\/influencialab16.com\/dic22\/wp-content\/uploads\/2023\/02\/ROLANDO-LIENDO-CEO-DE-LOLIMSA-GESTION-RP.jpg"}],"twitter_card":"summary_large_image","twitter_misc":{"Est. reading time":"2 minutos"},"schema":{"@context":"https:\/\/schema.org","@graph":[{"@type":"WebPage","@id":"https:\/\/influencialab16.com\/index.php\/estrategia-de-liderazgo-de-pensamiento-pov\/","url":"https:\/\/influencialab16.com\/index.php\/estrategia-de-liderazgo-de-pensamiento-pov\/","name":"Estrategia de Liderazgo de pensamiento PoV - Influence Lab","isPartOf":{"@id":"https:\/\/influencialab16.com\/#website"},"datePublished":"2023-02-09T22:16:41+00:00","dateModified":"2024-03-07T23:51:10+00:00","breadcrumb":{"@id":"https:\/\/influencialab16.com\/index.php\/estrategia-de-liderazgo-de-pensamiento-pov\/#breadcrumb"},"inLanguage":"es","potentialAction":[{"@type":"ReadAction","target":["https:\/\/influencialab16.com\/index.php\/estrategia-de-liderazgo-de-pensamiento-pov\/"]}]},{"@type":"BreadcrumbList","@id":"https:\/\/influencialab16.com\/index.php\/estrategia-de-liderazgo-de-pensamiento-pov\/#breadcrumb","itemListElement":[{"@type":"ListItem","position":1,"name":"Portada","item":"https:\/\/influencialab16.com\/"},{"@type":"ListItem","position":2,"name":"Estrategia de Liderazgo de pensamiento PoV"}]},{"@type":"WebSite","@id":"https:\/\/influencialab16.com\/#website","url":"https:\/\/influencialab16.com\/","name":"Influence Lab","description":"","publisher":{"@id":"https:\/\/influencialab16.com\/#organization"},"potentialAction":[{"@type":"SearchAction","target":{"@type":"EntryPoint","urlTemplate":"https:\/\/influencialab16.com\/?s={search_term_string}"},"query-input":"required name=search_term_string"}],"inLanguage":"es"},{"@type":"Organization","@id":"https:\/\/influencialab16.com\/#organization","name":"Influence Lab","url":"https:\/\/influencialab16.com\/","logo":{"@type":"ImageObject","inLanguage":"es","@id":"https:\/\/influencialab16.com\/#\/schema\/logo\/image\/","url":"https:\/\/influencialab16.com\/dic22\/wp-content\/uploads\/2023\/01\/logo_influence_lab_16_agencia_reputacion_online_barcelona_7.jpg","contentUrl":"https:\/\/influencialab16.com\/dic22\/wp-content\/uploads\/2023\/01\/logo_influence_lab_16_agencia_reputacion_online_barcelona_7.jpg","width":1080,"height":1080,"caption":"Influence Lab"},"image":{"@id":"https:\/\/influencialab16.com\/#\/schema\/logo\/image\/"},"sameAs":["https:\/\/www.facebook.com\/agenciaInfluencelab16","https:\/\/www.linkedin.com\/company\/74055594\/admin\/"]}]}},"_links":{"self":[{"href":"https:\/\/influencialab16.com\/index.php\/wp-json\/wp\/v2\/pages\/3237"}],"collection":[{"href":"https:\/\/influencialab16.com\/index.php\/wp-json\/wp\/v2\/pages"}],"about":[{"href":"https:\/\/influencialab16.com\/index.php\/wp-json\/wp\/v2\/types\/page"}],"author":[{"embeddable":true,"href":"https:\/\/influencialab16.com\/index.php\/wp-json\/wp\/v2\/users\/1"}],"replies":[{"embeddable":true,"href":"https:\/\/influencialab16.com\/index.php\/wp-json\/wp\/v2\/comments?post=3237"}],"version-history":[{"count":23,"href":"https:\/\/influencialab16.com\/index.php\/wp-json\/wp\/v2\/pages\/3237\/revisions"}],"predecessor-version":[{"id":4072,"href":"https:\/\/influencialab16.com\/index.php\/wp-json\/wp\/v2\/pages\/3237\/revisions\/4072"}],"wp:attachment":[{"href":"https:\/\/influencialab16.com\/index.php\/wp-json\/wp\/v2\/media?parent=3237"}],"curies":[{"name":"wp","href":"https:\/\/api.w.org\/{rel}","templated":true}]}}